{"id":18,"date":"2025-06-13T11:25:24","date_gmt":"2025-06-13T02:25:24","guid":{"rendered":"https:\/\/stg2.ie-resort.com\/en\/?page_id=18"},"modified":"2025-06-13T11:25:24","modified_gmt":"2025-06-13T02:25:24","slug":"la_mer","status":"publish","type":"page","link":"https:\/\/ie-resort.com\/en\/restaurant\/la_mer\/","title":{"rendered":"Caf\u00e9 Restaurant La Mer"},"content":{"rendered":"\n<!--\/\/ \u30b3\u30f3\u30c6\u30f3\u30c4 \/\/-->\n<h3>Caf\u00e9 Restaurant La Mer<\/h3>\n\n<div class=\"box_la\">\n<img decoding=\"async\" src=\"\/images\/restaurant\/la_mer\/img1.jpg\" alt=\"\">\n<div class=\"right\">\n<h4>Caf\u00e9 Restaurant La Mer<\/h4>\n<p class=\"b-m20\">10-min walk from iE RESORT<br>\nA caf\u00e9 restaurant at the entrance of Ie Beach.<br>\nReasonably priced Okinawan set meals and sweets using Ie Island&#8217;s fresh vegetables. Japanese style private rooms available.<\/p>\n<table>\n<tbody>\n<tr><th>Hours of Operation<\/th><td>\uff1a<\/td><td>11:30 am &#8211; 4:00 pm (Food Last Order: 1.30 pm)<\/td><\/tr>\n<tr><th>Holidays<\/th><td>\uff1a<\/td><td>Tuesdays<\/td><\/tr>\n<tr><th>Parking<\/th><td>\uff1a<\/td><td>Up to 20 cars (Free)<\/td><\/tr>\n<tr><th>Phone<\/th><td>\uff1a<\/td><td>0980-49-2851 +81-980-49-2851<\/td><\/tr>\n<tr><th>Address<\/th><td>\uff1a<\/td><td>2384-3 Higashiemae, Ie-son, Kunigami-gun, Okinawa 905-0502 JAPAN<\/td><\/tr>\n<\/tbody>\n<\/table>\n<\/div><!--right end-->\n<\/div><!--box_la end-->\n\n<div class=\"box_la\">\n<img decoding=\"async\" src=\"\/images\/restaurant\/la_mer\/img2.jpg\" alt=\"\">\n<div class=\"right\">\n<script src=\"http:\/\/maps.google.com\/maps\/api\/js?sensor=true&#038;language=en\"><\/script>\n<script type=\"text\/javascript\">\nfunction googleMap() {\nvar latlng = new google.maps.LatLng(26.71204, 127.82627);\/* \u5ea7\u6a19 *\/\nvar myOptions = {\nzoom: 14, \/*\u62e1\u5927\u6bd4\u7387*\/\ncenter: latlng,\nmapTypeControlOptions: { mapTypeIds: ['style', google.maps.MapTypeId.ROADMAP] }\n};\nvar map = new google.maps.Map(document.getElementById('map1'), myOptions);\n\/*\u30a2\u30a4\u30b3\u30f3\u8a2d\u5b9a*\/\nvar icon = new google.maps.MarkerImage('\/icon.png',\/*\u753b\u50cfurl*\/\nnew google.maps.Size(70,84),\/*\u30a2\u30a4\u30b3\u30f3\u30b5\u30a4\u30ba*\/\nnew google.maps.Point(0,0)\/*\u30a2\u30a4\u30b3\u30f3\u4f4d\u7f6e*\/\n);\nvar markerOptions = {\nposition: latlng,\nmap: map,\nicon: icon,\ntitle: 'La mer',\/*\u30bf\u30a4\u30c8\u30eb*\/\nanimation: google.maps.Animation.DROP\/*\u30a2\u30cb\u30e1\u30fc\u30b7\u30e7\u30f3*\/\n};\nvar marker = new google.maps.Marker(markerOptions);\n\/*\u53d6\u5f97\u30b9\u30bf\u30a4\u30eb\u306e\u8cbc\u308a\u4ed8\u3051*\/\nvar styleOptions = [\n{\n\"stylers\": [\n{ \"hue\": '#' }\n]\n}\n];\nvar styledMapOptions = { name: 'La mer' }\/*\u5730\u56f3\u53f3\u4e0a\u306e\u30bf\u30a4\u30c8\u30eb*\/\nvar sampleType = new google.maps.StyledMapType(styleOptions, styledMapOptions);\nmap.mapTypes.set('style', sampleType);\nmap.setMapTypeId('style');\n};\ngoogle.maps.event.addDomListener(window, 'load', function() {\ngoogleMap();\n});\n<\/script>\n<div id=\"map1\" style=\"width:470px; height:307px; margin:0 auto;\"><\/div>\n<\/div><!--right end-->\n<\/div><!--box_la end-->\n","protected":false},"excerpt":{"rendered":"<p>Caf\u00e9 Restaurant La Mer Caf\u00e9 Restaurant La Mer 10-min walk from iE RESORT A caf\u00e9 restaurant at the entrance of  [&hellip;]<\/p>\n","protected":false},"author":1,"featured_media":0,"parent":16,"menu_order":0,"comment_status":"closed","ping_status":"closed","template":"","meta":{"footnotes":""},"class_list":["post-18","page","type-page","status-publish","hentry"],"_links":{"self":[{"href":"https:\/\/ie-resort.com\/en\/wp-json\/wp\/v2\/pages\/18","targetHints":{"allow":["GET"]}}],"collection":[{"href":"https:\/\/ie-resort.com\/en\/wp-json\/wp\/v2\/pages"}],"about":[{"href":"https:\/\/ie-resort.com\/en\/wp-json\/wp\/v2\/types\/page"}],"author":[{"embeddable":true,"href":"https:\/\/ie-resort.com\/en\/wp-json\/wp\/v2\/users\/1"}],"replies":[{"embeddable":true,"href":"https:\/\/ie-resort.com\/en\/wp-json\/wp\/v2\/comments?post=18"}],"version-history":[{"count":1,"href":"https:\/\/ie-resort.com\/en\/wp-json\/wp\/v2\/pages\/18\/revisions"}],"predecessor-version":[{"id":19,"href":"https:\/\/ie-resort.com\/en\/wp-json\/wp\/v2\/pages\/18\/revisions\/19"}],"up":[{"embeddable":true,"href":"https:\/\/ie-resort.com\/en\/wp-json\/wp\/v2\/pages\/16"}],"wp:attachment":[{"href":"https:\/\/ie-resort.com\/en\/wp-json\/wp\/v2\/media?parent=18"}],"curies":[{"name":"wp","href":"https:\/\/api.w.org\/{rel}","templated":true}]}}